{"id":3,"date":"2025-10-03T17:06:44","date_gmt":"2025-10-03T17:06:44","guid":{"rendered":"https:\/\/infrasoft.com.mx\/tienda\/?page_id=3"},"modified":"2025-10-10T11:53:44","modified_gmt":"2025-10-10T17:53:44","slug":"privacy-policy","status":"publish","type":"page","link":"https:\/\/infrasoft.com.mx\/tienda\/privacy-policy\/","title":{"rendered":"Politicas de Privacidad"},"content":{"rendered":"<style>.wp-block-kadence-advancedheading.kt-adv-heading3_dde11e-e7, .wp-block-kadence-advancedheading.kt-adv-heading3_dde11e-e7[data-kb-block=\"kb-adv-heading3_dde11e-e7\"]{text-align:center;font-size:35px;font-style:normal;}.wp-block-kadence-advancedheading.kt-adv-heading3_dde11e-e7 mark.kt-highlight, .wp-block-kadence-advancedheading.kt-adv-heading3_dde11e-e7[data-kb-block=\"kb-adv-heading3_dde11e-e7\"] mark.kt-highlight{font-style:normal;color:#f76a0c;-webkit-box-decoration-break:clone;box-decoration-break:clone;padding-top:0px;padding-right:0px;padding-bottom:0px;padding-left:0px;}.wp-block-kadence-advancedheading.kt-adv-heading3_dde11e-e7 img.kb-inline-image, .wp-block-kadence-advancedheading.kt-adv-heading3_dde11e-e7[data-kb-block=\"kb-adv-heading3_dde11e-e7\"] img.kb-inline-image{width:150px;vertical-align:baseline;}<\/style>\n<h2 class=\"kt-adv-heading3_dde11e-e7 wp-block-kadence-advancedheading has-theme-palette-1-color has-text-color\" data-kb-block=\"kb-adv-heading3_dde11e-e7\">INFRASOFT S.A DE C.V.<\/h2>\n\n\n<style>.wp-block-kadence-advancedheading.kt-adv-heading3_45568b-1b, .wp-block-kadence-advancedheading.kt-adv-heading3_45568b-1b[data-kb-block=\"kb-adv-heading3_45568b-1b\"]{font-size:25px;font-style:normal;}.wp-block-kadence-advancedheading.kt-adv-heading3_45568b-1b mark.kt-highlight, .wp-block-kadence-advancedheading.kt-adv-heading3_45568b-1b[data-kb-block=\"kb-adv-heading3_45568b-1b\"] mark.kt-highlight{font-style:normal;color:#f76a0c;-webkit-box-decoration-break:clone;box-decoration-break:clone;padding-top:0px;padding-right:0px;padding-bottom:0px;padding-left:0px;}.wp-block-kadence-advancedheading.kt-adv-heading3_45568b-1b img.kb-inline-image, .wp-block-kadence-advancedheading.kt-adv-heading3_45568b-1b[data-kb-block=\"kb-adv-heading3_45568b-1b\"] img.kb-inline-image{width:150px;vertical-align:baseline;}<\/style>\n<h2 class=\"kt-adv-heading3_45568b-1b wp-block-kadence-advancedheading has-theme-palette-5-color has-text-color\" data-kb-block=\"kb-adv-heading3_45568b-1b\">Aviso de privacidad integral<\/h2>\n\n\n<style>.kb-row-layout-id3_0c5c98-ec > .kt-row-column-wrap{align-content:start;}:where(.kb-row-layout-id3_0c5c98-ec > .kt-row-column-wrap) > .wp-block-kadence-column{justify-content:start;}.kb-row-layout-id3_0c5c98-ec > .kt-row-column-wrap{column-gap:var(--global-kb-gap-md, 2rem);row-gap:var(--global-kb-gap-md, 2rem);padding-top:var(--global-kb-spacing-sm, 1.5rem);padding-bottom:var(--global-kb-spacing-sm, 1.5rem);grid-template-columns:repeat(2, minmax(0, 1fr));}.kb-row-layout-id3_0c5c98-ec > .kt-row-layout-overlay{opacity:0.30;}@media all and (max-width: 1024px){.kb-row-layout-id3_0c5c98-ec > .kt-row-column-wrap{grid-template-columns:repeat(2, minmax(0, 1fr));}}@media all and (max-width: 767px){.kb-row-layout-id3_0c5c98-ec > .kt-row-column-wrap{grid-template-columns:minmax(0, 1fr);}}<\/style><div class=\"kb-row-layout-wrap kb-row-layout-id3_0c5c98-ec alignnone wp-block-kadence-rowlayout\"><div class=\"kt-row-column-wrap kt-has-2-columns kt-row-layout-equal kt-tab-layout-inherit kt-mobile-layout-row kt-row-valign-top\">\n<style>.kadence-column3_fe1784-f5 > .kt-inside-inner-col,.kadence-column3_fe1784-f5 > .kt-inside-inner-col:before{border-top-left-radius:0px;border-top-right-radius:0px;border-bottom-right-radius:0px;border-bottom-left-radius:0px;}.kadence-column3_fe1784-f5 > .kt-inside-inner-col{column-gap:var(--global-kb-gap-sm, 1rem);}.kadence-column3_fe1784-f5 > .kt-inside-inner-col{flex-direction:column;}.kadence-column3_fe1784-f5 > .kt-inside-inner-col > .aligncenter{width:100%;}.kadence-column3_fe1784-f5 > .kt-inside-inner-col:before{opacity:0.3;}.kadence-column3_fe1784-f5{position:relative;}@media all and (max-width: 1024px){.kadence-column3_fe1784-f5 > .kt-inside-inner-col{flex-direction:column;justify-content:center;}}@media all and (max-width: 767px){.kadence-column3_fe1784-f5 > .kt-inside-inner-col{flex-direction:column;justify-content:center;}}<\/style>\n<div class=\"wp-block-kadence-column kadence-column3_fe1784-f5\"><div class=\"kt-inside-inner-col\"><style>.wp-block-kadence-iconlist.kt-svg-icon-list-items3_56b0fd-15:not(.this-stops-third-party-issues){margin-top:0px;margin-bottom:0px;}.wp-block-kadence-iconlist.kt-svg-icon-list-items3_56b0fd-15 ul.kt-svg-icon-list:not(.this-prevents-issues):not(.this-stops-third-party-issues):not(.tijsloc){margin-top:0px;margin-right:0px;margin-bottom:var(--global-kb-spacing-sm, 1.5rem);margin-left:0px;}.wp-block-kadence-iconlist.kt-svg-icon-list-items3_56b0fd-15 ul.kt-svg-icon-list{grid-row-gap:5px;}.wp-block-kadence-iconlist.kt-svg-icon-list-items3_56b0fd-15 ul.kt-svg-icon-list .kt-svg-icon-list-item-wrap .kt-svg-icon-list-single{margin-right:10px;}.kt-svg-icon-list-items3_56b0fd-15 ul.kt-svg-icon-list .kt-svg-icon-list-level-0 .kt-svg-icon-list-single svg{font-size:20px;}<\/style>\n<div class=\"wp-block-kadence-iconlist kt-svg-icon-list-items kt-svg-icon-list-items3_56b0fd-15 kt-svg-icon-list-columns-1 alignnone\"><ul class=\"kt-svg-icon-list\"><style>.kt-svg-icon-list-item-3_c5b719-9a .kt-svg-icon-list-text mark.kt-highlight{background-color:unset;font-style:normal;color:#f76a0c;-webkit-box-decoration-break:clone;box-decoration-break:clone;padding-top:0px;padding-right:0px;padding-bottom:0px;padding-left:0px;}<\/style>\n<li class=\"wp-block-kadence-listitem kt-svg-icon-list-item-wrap kt-svg-icon-list-item-3_c5b719-9a\"><div class=\"kt-svg-icon-list-single\" style=\"display: inline-flex; justify-content: center; align-items: center;\"><svg viewBox=\"0 0 24 24\" height=\"1em\" width=\"1em\" fill=\"none\" stroke=\"currentColor\" xmlns=\"http:\/\/www.w3.org\/2000\/svg\" style=\"display: inline-block; vertical-align: middle;\"><\/svg><\/div><span class=\"kt-svg-icon-list-text\">I. Identificaci\u00f3n del responsable y del encargado<\/span><\/li>\n\n\n<style>.kt-svg-icon-list-item-3_2f79e6-c8 .kt-svg-icon-list-text mark.kt-highlight{background-color:unset;font-style:normal;color:#f76a0c;-webkit-box-decoration-break:clone;box-decoration-break:clone;padding-top:0px;padding-right:0px;padding-bottom:0px;padding-left:0px;}<\/style>\n<li class=\"wp-block-kadence-listitem kt-svg-icon-list-item-wrap kt-svg-icon-list-item-3_2f79e6-c8\"><div class=\"kt-svg-icon-list-single\" style=\"display: inline-flex; justify-content: center; align-items: center;\"><svg viewBox=\"0 0 24 24\" height=\"1em\" width=\"1em\" fill=\"none\" stroke=\"currentColor\" xmlns=\"http:\/\/www.w3.org\/2000\/svg\" style=\"display: inline-block; vertical-align: middle;\"><\/svg><\/div><span class=\"kt-svg-icon-list-text\">II. Para efectos del presente aviso se entiende:<\/span><\/li>\n\n\n<style>.kt-svg-icon-list-item-3_717914-28 .kt-svg-icon-list-text mark.kt-highlight{background-color:unset;font-style:normal;color:#f76a0c;-webkit-box-decoration-break:clone;box-decoration-break:clone;padding-top:0px;padding-right:0px;padding-bottom:0px;padding-left:0px;}<\/style>\n<li class=\"wp-block-kadence-listitem kt-svg-icon-list-item-wrap kt-svg-icon-list-item-3_717914-28\"><div class=\"kt-svg-icon-list-single\" style=\"display: inline-flex; justify-content: center; align-items: center;\"><svg viewBox=\"0 0 24 24\" height=\"1em\" width=\"1em\" fill=\"none\" stroke=\"currentColor\" xmlns=\"http:\/\/www.w3.org\/2000\/svg\" style=\"display: inline-block; vertical-align: middle;\"><\/svg><\/div><span class=\"kt-svg-icon-list-text\">III. Finalidades y\/o usos de los datos personales<\/span><\/li>\n\n\n<style>.kt-svg-icon-list-item-3_7808db-e0 .kt-svg-icon-list-text mark.kt-highlight{background-color:unset;font-style:normal;color:#f76a0c;-webkit-box-decoration-break:clone;box-decoration-break:clone;padding-top:0px;padding-right:0px;padding-bottom:0px;padding-left:0px;}<\/style>\n<li class=\"wp-block-kadence-listitem kt-svg-icon-list-item-wrap kt-svg-icon-list-item-3_7808db-e0\"><div class=\"kt-svg-icon-list-single\" style=\"display: inline-flex; justify-content: center; align-items: center;\"><svg viewBox=\"0 0 24 24\" height=\"1em\" width=\"1em\" fill=\"none\" stroke=\"currentColor\" xmlns=\"http:\/\/www.w3.org\/2000\/svg\" style=\"display: inline-block; vertical-align: middle;\"><\/svg><\/div><span class=\"kt-svg-icon-list-text\">IV. Limitacion del uso y divulgacion de sus datos personales<\/span><\/li>\n<\/ul><\/div>\n<\/div><\/div>\n\n\n<style>.kadence-column3_f1ebf7-b2 > .kt-inside-inner-col,.kadence-column3_f1ebf7-b2 > .kt-inside-inner-col:before{border-top-left-radius:0px;border-top-right-radius:0px;border-bottom-right-radius:0px;border-bottom-left-radius:0px;}.kadence-column3_f1ebf7-b2 > .kt-inside-inner-col{column-gap:var(--global-kb-gap-sm, 1rem);}.kadence-column3_f1ebf7-b2 > .kt-inside-inner-col{flex-direction:column;}.kadence-column3_f1ebf7-b2 > .kt-inside-inner-col > .aligncenter{width:100%;}.kadence-column3_f1ebf7-b2 > .kt-inside-inner-col:before{opacity:0.3;}.kadence-column3_f1ebf7-b2{position:relative;}@media all and (max-width: 1024px){.kadence-column3_f1ebf7-b2 > .kt-inside-inner-col{flex-direction:column;justify-content:center;}}@media all and (max-width: 767px){.kadence-column3_f1ebf7-b2 > .kt-inside-inner-col{flex-direction:column;justify-content:center;}}<\/style>\n<div class=\"wp-block-kadence-column kadence-column3_f1ebf7-b2\"><div class=\"kt-inside-inner-col\"><style>.wp-block-kadence-iconlist.kt-svg-icon-list-items3_34c109-55:not(.this-stops-third-party-issues){margin-top:0px;margin-bottom:0px;}.wp-block-kadence-iconlist.kt-svg-icon-list-items3_34c109-55 ul.kt-svg-icon-list:not(.this-prevents-issues):not(.this-stops-third-party-issues):not(.tijsloc){margin-top:0px;margin-right:0px;margin-bottom:var(--global-kb-spacing-sm, 1.5rem);margin-left:0px;}.wp-block-kadence-iconlist.kt-svg-icon-list-items3_34c109-55 ul.kt-svg-icon-list{grid-row-gap:5px;}.wp-block-kadence-iconlist.kt-svg-icon-list-items3_34c109-55 ul.kt-svg-icon-list .kt-svg-icon-list-item-wrap .kt-svg-icon-list-single{margin-right:10px;}.kt-svg-icon-list-items3_34c109-55 ul.kt-svg-icon-list .kt-svg-icon-list-level-0 .kt-svg-icon-list-single svg{font-size:20px;}<\/style>\n<div class=\"wp-block-kadence-iconlist kt-svg-icon-list-items kt-svg-icon-list-items3_34c109-55 kt-svg-icon-list-columns-1 alignnone\"><ul class=\"kt-svg-icon-list\"><style>.kt-svg-icon-list-item-3_1d07b2-20 .kt-svg-icon-list-text mark.kt-highlight{background-color:unset;font-style:normal;color:#f76a0c;-webkit-box-decoration-break:clone;box-decoration-break:clone;padding-top:0px;padding-right:0px;padding-bottom:0px;padding-left:0px;}<\/style>\n<li class=\"wp-block-kadence-listitem kt-svg-icon-list-item-wrap kt-svg-icon-list-item-3_1d07b2-20\"><div class=\"kt-svg-icon-list-single\" style=\"display: inline-flex; justify-content: center; align-items: center;\"><svg viewBox=\"0 0 24 24\" height=\"1em\" width=\"1em\" fill=\"none\" stroke=\"currentColor\" xmlns=\"http:\/\/www.w3.org\/2000\/svg\" style=\"display: inline-block; vertical-align: middle;\"><\/svg><\/div><span class=\"kt-svg-icon-list-text\">V. Revocaci\u00f3n de su consentimiento para el tratamiento de datos<\/span><\/li>\n\n\n<style>.kt-svg-icon-list-item-3_1dbfc0-6f .kt-svg-icon-list-text mark.kt-highlight{background-color:unset;font-style:normal;color:#f76a0c;-webkit-box-decoration-break:clone;box-decoration-break:clone;padding-top:0px;padding-right:0px;padding-bottom:0px;padding-left:0px;}<\/style>\n<li class=\"wp-block-kadence-listitem kt-svg-icon-list-item-wrap kt-svg-icon-list-item-3_1dbfc0-6f\"><div class=\"kt-svg-icon-list-single\" style=\"display: inline-flex; justify-content: center; align-items: center;\"><svg viewBox=\"0 0 24 24\" height=\"1em\" width=\"1em\" fill=\"none\" stroke=\"currentColor\" xmlns=\"http:\/\/www.w3.org\/2000\/svg\" style=\"display: inline-block; vertical-align: middle;\"><\/svg><\/div><span class=\"kt-svg-icon-list-text\">VI. Transferencia a terceros de su informaci\u00f3n personal<\/span><\/li>\n\n\n<style>.kt-svg-icon-list-item-3_847654-0d .kt-svg-icon-list-text mark.kt-highlight{background-color:unset;font-style:normal;color:#f76a0c;-webkit-box-decoration-break:clone;box-decoration-break:clone;padding-top:0px;padding-right:0px;padding-bottom:0px;padding-left:0px;}<\/style>\n<li class=\"wp-block-kadence-listitem kt-svg-icon-list-item-wrap kt-svg-icon-list-item-3_847654-0d\"><div class=\"kt-svg-icon-list-single\" style=\"display: inline-flex; justify-content: center; align-items: center;\"><svg viewBox=\"0 0 24 24\" height=\"1em\" width=\"1em\" fill=\"none\" stroke=\"currentColor\" xmlns=\"http:\/\/www.w3.org\/2000\/svg\" style=\"display: inline-block; vertical-align: middle;\"><\/svg><\/div><span class=\"kt-svg-icon-list-text\">VII. Modificaciones al aviso de privacidad<\/span><\/li>\n\n\n<style>.kt-svg-icon-list-item-3_3f0605-63 .kt-svg-icon-list-text mark.kt-highlight{background-color:unset;font-style:normal;color:#f76a0c;-webkit-box-decoration-break:clone;box-decoration-break:clone;padding-top:0px;padding-right:0px;padding-bottom:0px;padding-left:0px;}<\/style>\n<li class=\"wp-block-kadence-listitem kt-svg-icon-list-item-wrap kt-svg-icon-list-item-3_3f0605-63\"><div class=\"kt-svg-icon-list-single\" style=\"display: inline-flex; justify-content: center; align-items: center;\"><svg viewBox=\"0 0 24 24\" height=\"1em\" width=\"1em\" fill=\"none\" stroke=\"currentColor\" xmlns=\"http:\/\/www.w3.org\/2000\/svg\" style=\"display: inline-block; vertical-align: middle;\"><\/svg><\/div><span class=\"kt-svg-icon-list-text\">VIII. Derechos del titular de los datos personales<\/span><\/li>\n<\/ul><\/div>\n<\/div><\/div>\n\n<\/div><\/div>\n\n\n<h2 class=\"wp-block-heading has-theme-palette-5-color has-text-color has-link-color wp-elements-58f7a5418c67c8f65df0de71f0c2c36c\" style=\"font-size:25px\">I. Idenficaci\u00f3n del responsable<\/h2>\n\n\n\n<p>Hacemos de tu conocimiento que\u00a0<strong>INFRASOFT, S.A. DE C.V.<\/strong>, con domicilio ubicado en\u00a0CORDILLERA DEL HIMALAYA No. 131 INT 39, COL. IND\u00cdGENA, SAN PEDRO TLAQUEPAQUE, JALISCO. C.P. 45590, ha desarrollado una pol\u00edtica de privacidad que deseamos te ayude a comprender la forma en la que se recaba, utiliza, transfiere y almacena tu informaci\u00f3n personal, en conformidad con el Articulo 16 Constitucional y los Art\u00edculos 1 y 2 de la Ley Federal de Protecci\u00f3n de Datos Personales en Posesi\u00f3n de los Particulares. Por lo tanto, te informamos que es el Responsable del tratamiento de tus Datos Personales que est\u00e1n en su posesi\u00f3n, del uso que se le desea los mismos y de su protecci\u00f3n. En el ejercicio de esa facultad, ha designado como Encargado de dicho tratamiento a dicha persona ser\u00e1 la encargada de dar tramite a su solicitud de revocar el consentimiento al tratamiento de su informaci\u00f3n personal o para ejercer sus derechos ARCO, en la misma direcci\u00f3n y al tel\u00e9fono 33  1398 1955, o si deseas contactarlo por e-mail puedes hacerlo a:\u00a0admin@infrasoft.com.mx.<\/p>\n\n\n\n<h2 class=\"wp-block-heading has-theme-palette-5-color has-text-color has-link-color wp-elements-f8aa8e89876b0776d8d338146406be93\" style=\"font-size:25px\">II. Para efectos del presente aviso se entiendo<\/h2>\n\n\n\n<h2 class=\"wp-block-heading has-theme-palette-5-color has-text-color has-link-color wp-elements-71f212dfc9097684870228718bb101f9\" style=\"font-size:18px\"><strong>Datos personales<\/strong><\/h2>\n\n\n\n<p>Cualquier informaci\u00f3n concerniente a una persona f\u00edsica identificada o identificable. Recabamos tus datos personales de forma directa cuando tu mismo nos los proporcionas por diversos medios, en nuestras instalaciones, en forma telef\u00f3nica, como cuando participa en nuestras promociones o cuando nos da informaci\u00f3n con objeto de que le prestemos un servicio o adquiera nuestros productos.<\/p>\n\n\n\n<h2 class=\"wp-block-heading has-theme-palette-5-color has-text-color has-link-color wp-elements-e82eb30f5658f2ddb9429e81db58084d\" style=\"font-size:18px\"><strong>Legislaci\u00f3n vigente aplicable<\/strong><\/h2>\n\n\n\n<p>Ley: Ley Federal de Protecci\u00f3n de Datos Personales en Posesi\u00f3n de los Particulares. (LFPDPPP) Reglamento: Reglamento de la Ley Federal de Protecci\u00f3n de Datos Personales en Posesi\u00f3n de los Particulares. (RLFPDPPP).<\/p>\n\n\n\n<h2 class=\"wp-block-heading has-theme-palette-5-color has-text-color has-link-color wp-elements-59364f61307e1627a03ad12a17609f2c\" style=\"font-size:18px\"><strong>Principios que rigen el tratamiento de su informaci\u00f3n personal<\/strong><\/h2>\n\n\n\n<p>Recabamos tus datos personales para los efectos mencionados en el presente Aviso de Privacidad, estos ser\u00e1n tratados observando los principios de licitud, calidad, consentimiento, informaci\u00f3n, finalidad, lealtad, proporcionalidad y responsabilidad, consagrados en La Ley.<\/p>\n\n\n\n<h2 class=\"wp-block-heading has-theme-palette-5-color has-text-color has-link-color wp-elements-4130e20bc311b610171449678216b057\" style=\"font-size:18px\"><strong>Datos personales sensibles<\/strong><\/h2>\n\n\n\n<p>Aquellos datos personales que afecten a la esfera mas intima de su titular, o cuya utilizaci\u00f3n indebida pueda dar origen a discriminaci\u00f3n o conlleve un riesgo grave para este. En particular, se consideran sensibles aquellos que puedan revelar aspectos como origen racial o \u00e9tnico, estado de salud presente y futuro, informaci\u00f3n gen\u00e9tica, creencias religiosas, filos\u00f3ficas y morales, afiliaci\u00f3n sindical, opiniones pol\u00edticas, preferencia sexual.<\/p>\n\n\n\n<h2 class=\"wp-block-heading has-theme-palette-5-color has-text-color has-link-color wp-elements-8953e37278982f4e4d81ecabc82dbdc6\" style=\"font-size:18px\"><strong>Datos personales financieros o patrimoniales<\/strong><\/h2>\n\n\n\n<p>Si tu forma de pago es con tarjeta bancaria, se te solicitaran los siguientes datos, los cuales en terminos del articulo 8 de la Ley federal de proteccion de datos personales en posesion de los particulares, se consideran dentro de la categoria de datos personales financieros o patrimoniales: El nombre del titular de la tarjeta, el numero de la tarjeta, la fecha de vencimiento de la tarjeta y el nombre del banco. La Ley pide que en caso de que los datos personales recopilados incluyan datos sensibles o patrimoniales y\/o financieros, el Responsable lleve a cabo actos que recojan y constituyan el consentimiento expreso del titular como los dispone el segundo p\u00e1rrafo del articulo 8 de la Ley y dem\u00e1s legislaciones aplicables, bien, mediante la firma del formato correspondiente, sea impreso, o utilizando medios electr\u00f3nicos, a trav\u00e9s de respuestas directas, y sus correspondientes procesos para la formaci\u00f3n del consentimiento, a titulo enunciativo mas no limitativo, mediante el consentimiento expreso y suministro por parte del Titular de datos personales.<\/p>\n\n\n\n<h2 class=\"wp-block-heading has-theme-palette-5-color has-text-color has-link-color wp-elements-afa7cd7f843c9011168ea98dccaa1739\" style=\"font-size:18px\"><strong>Consentimiento t\u00e1ctico y expreso<\/strong><\/h2>\n\n\n\n<p>El consentimiento Tacito resulta de hechos o actos que lo presupongan. De tal forma que ante la ausencia de tu negativa, tomaremos en cuenta tu consentimiento en esos t\u00e9rminos. En t\u00e9rminos de lo establecido en el articulo 9 de la Ley Federal de Protecci\u00f3n a los Datos Personales en Posesi\u00f3n de los Particulares, se te solicita tu consentimiento expreso para el tratamiento de los datos personales sensibles, financieros y patrimoniales, indic\u00e1ndonos si aceptas o no el tratamiento. Recordando que en t\u00e9rminos del articulo 1803 del C\u00f3digo Civil Federal, el consentimiento es expreso cuando se manifiesta verbalmente, por escrito o por signos inequ\u00edvocos.<\/p>\n\n\n\n<h2 class=\"wp-block-heading has-theme-palette-5-color has-text-color has-link-color wp-elements-6808243ba0011f2a2c9dfc8927bf5935\" style=\"font-size:18px\"><strong>Duraci\u00f3n del tratamiento de tus datos personales<\/strong><\/h2>\n\n\n\n<p>Tu informaci\u00f3n personal ser\u00e1 tratada \u00fanicamente por el tiempo necesario a fin de cumplir con las finalidades descritas en el Aviso de Privacidad que se ponga a su disposici\u00f3n y en su caso conforme lo que establecen las disposiciones legales respectivas. No obstante cualquier disposici\u00f3n de este Aviso de Privacidad, el Titular reconoce que no se requerir\u00e1 de su consentimiento para el tratamiento de sus datos personales por parte del Responsable o de terceros en cualquiera de los casos se\u00f1alados en el articulo 10 de la LFPDPPP.<\/p>\n\n\n\n<h2 class=\"wp-block-heading has-theme-palette-5-color has-text-color has-link-color wp-elements-20451573349b017867486bdc34ca6a2b\" style=\"font-size:18px\"><strong>Datos personales de menores de edad<\/strong><\/h2>\n\n\n\n<p>Conocemos la importancia que tiene la protecci\u00f3n de la privacidad y los datos personales de los menores de edad, por lo que no obtenemos, usamos, divulgamos o almacenamos informaci\u00f3n relacionada con menores de edad, sin el consentimiento previo de sus padres o tutores. Si eres padre\/madre o tutor y tienes noticia que alg\u00fan menor de edad haya proporcionado sus datos personales sin tu consentimiento, puede solicitar que dichos datos sean cancelados.<\/p>\n\n\n\n<p>If you edit or publish an article, an additional cookie will be saved in your browser. This cookie includes no personal data and simply indicates the post ID of the article you just edited. It expires after 1 day.<\/p>\n\n\n\n<h2 class=\"wp-block-heading\">Embedded content from other websites<\/h2>\n\n\n\n<p><\/p>\n","protected":false},"excerpt":{"rendered":"<p>INFRASOFT S.A DE C.V. Aviso de privacidad integral I. Idenficaci\u00f3n del responsable Hacemos de tu conocimiento que\u00a0INFRASOFT, S.A. DE C.V., con domicilio ubicado en\u00a0CORDILLERA DEL HIMALAYA No. 131 INT 39, COL. IND\u00cdGENA, SAN PEDRO TLAQUEPAQUE, JALISCO. C.P. 45590, ha desarrollado una pol\u00edtica de privacidad que deseamos te ayude a comprender la forma en la que&#8230;<\/p>\n","protected":false},"author":1,"featured_media":0,"parent":0,"menu_order":0,"comment_status":"closed","ping_status":"closed","template":"","meta":{"_kad_post_transparent":"","_kad_post_title":"","_kad_post_layout":"","_kad_post_sidebar_id":"","_kad_post_content_style":"","_kad_post_vertical_padding":"","_kad_post_feature":"","_kad_post_feature_position":"","_kad_post_header":false,"_kad_post_footer":false,"_kad_post_classname":"","footnotes":""},"class_list":["post-3","page","type-page","status-publish","hentry"],"_links":{"self":[{"href":"https:\/\/infrasoft.com.mx\/tienda\/wp-json\/wp\/v2\/pages\/3","targetHints":{"allow":["GET"]}}],"collection":[{"href":"https:\/\/infrasoft.com.mx\/tienda\/wp-json\/wp\/v2\/pages"}],"about":[{"href":"https:\/\/infrasoft.com.mx\/tienda\/wp-json\/wp\/v2\/types\/page"}],"author":[{"embeddable":true,"href":"https:\/\/infrasoft.com.mx\/tienda\/wp-json\/wp\/v2\/users\/1"}],"replies":[{"embeddable":true,"href":"https:\/\/infrasoft.com.mx\/tienda\/wp-json\/wp\/v2\/comments?post=3"}],"version-history":[{"count":3,"href":"https:\/\/infrasoft.com.mx\/tienda\/wp-json\/wp\/v2\/pages\/3\/revisions"}],"predecessor-version":[{"id":379,"href":"https:\/\/infrasoft.com.mx\/tienda\/wp-json\/wp\/v2\/pages\/3\/revisions\/379"}],"wp:attachment":[{"href":"https:\/\/infrasoft.com.mx\/tienda\/wp-json\/wp\/v2\/media?parent=3"}],"curies":[{"name":"wp","href":"https:\/\/api.w.org\/{rel}","templated":true}]}}